{"id":85,"date":"2021-09-30T22:50:07","date_gmt":"2021-09-30T22:50:07","guid":{"rendered":"https:\/\/webredox.net\/demo\/wp\/bauen\/light\/multi\/demo1\/?page_id=85"},"modified":"2022-12-02T08:30:33","modified_gmt":"2022-12-02T08:30:33","slug":"faqs","status":"publish","type":"page","link":"https:\/\/theinceptiondesign.com\/index.php\/faqs\/","title":{"rendered":"FAQs"},"content":{"rendered":"<section class=\"wpb-content-wrapper\">[vc_row row_type=&#8221;main-section&#8221; bauen_section_layout=&#8221;section_grid&#8221; bauen_df_padding_bottom=&#8221;section-padding2&#8243;][vc_column][wr_vc_section_heading title=&#8221;`{`span`}` FAQs`{`\/span`}`&#8221;][\/wr_vc_section_heading][vc_row_inner][vc_column_inner][wr_vc_section_accords][wr_vc_section_accord featyretype=&#8221;st2&#8243; title=&#8221;Neden theinceptiondesign ekibini tercih etmelisiniz?&#8221; title2=&#8221;1.&#8221;]Her zaman m\u00fc\u015fteri odakl\u0131 hizmet \u00fcretmekteyiz. Amac\u0131m\u0131z ger\u00e7ek\u00e7i bir yakla\u015f\u0131m ile y\u0131llar\u0131n getirmi\u015f oldu\u011fu mimari deneyimi sizlerin hayalleri ile s\u00fcslemektir.[\/wr_vc_section_accord][wr_vc_section_accord title=&#8221;S\u00fcre\u00e7 nas\u0131l y\u00f6netilmektedir?&#8221; title2=&#8221;2.&#8221;]\u00d6ncelikle projenizi sizlerden dinliyoruz. Proje ihtiya\u00e7lar\u0131n\u0131 analiz ediyor ve sizlere proje \u00e7\u0131kt\u0131lar\u0131n\u0131 sunuyoruz. Anla\u015fma do\u011frultusunda i\u015fin kapsam\u0131 belirleniyor ve tekliflendiriyoruz. Akabinde dilerseniz projenizi 3D canland\u0131rmas\u0131n\u0131 da sunabiliyoruz. Her\u015fey g\u00f6nl\u00fcn\u00fczce ilerledi\u011finde ise iletti\u011fimiz termin s\u00fcrede size anahtar teslim s\u00fcre\u00e7 sunuyoruz.[\/wr_vc_section_accord][wr_vc_section_accord title=&#8221;\u00d6deme ko\u015fullar\u0131 nas\u0131l y\u00f6netilmektedir?&#8221; title2=&#8221;3.&#8221;]Proje \u00f6deme ko\u015fullar\u0131 , proje kapsam dok\u00fcman\u0131nda sizlere sunulmaktad\u0131r.[\/wr_vc_section_accord][wr_vc_section_accord title=&#8221;G\u00fc\u00e7l\u00fc oldu\u011fumuz yanlar neler?&#8221; title2=&#8221;4.&#8221;]Size sundu\u011fumuz t\u00fcm \u00fcr\u00fcn ve hizmetlerimizden %100 eminiz ve asla yapamayaca\u011f\u0131m\u0131z bir i\u015f i\u00e7in ticari giri\u015fimde bulunmay\u0131z. Ancak ortaklar\u0131m\u0131z\u0131n ah\u015fap i\u015flerine tasar\u0131m ve boyama konusunda ayr\u0131 bir sevdas\u0131 oldu\u011funu da payla\u015fmak isteriz.[\/wr_vc_section_accord][wr_vc_section_accord title=&#8221;Referanslar\u0131m\u0131z\u0131 merak m\u0131 ediyorsunuz?&#8221; title2=&#8221;5.&#8221;]\u00d6zellikle Antalya\u2019da yer alan bir \u00e7ok otel zincirinde sizlere sunabilece\u011fimiz ah\u015fap boyama ,tadilat ve dekorasyonunu yapt\u0131\u011f\u0131m\u0131z bir\u00e7ok referanslar\u0131m\u0131z vard\u0131r.[\/wr_vc_section_accord][\/wr_vc_section_accords][\/vc_column_inner][\/vc_row_inner][\/vc_column][\/vc_row]\n<\/section>","protected":false},"excerpt":{"rendered":"<p>[vc_row row_type=&#8221;main-section&#8221; bauen_section_layout=&#8221;section_grid&#8221; bauen_df_padding_bottom=&#8221;section-padding2&#8243;][vc_column][wr_vc_section_heading title=&#8221;`{`span`}` FAQs`{`\/span`}`&#8221;][\/wr_vc_section_heading][vc_row_inner][vc_column_inner][wr_vc_section_accords][wr_vc_section_accord featyretype=&#8221;st2&#8243; title=&#8221;Neden theinceptiondesign ekibini tercih etmelisiniz?&#8221; title2=&#8221;1.&#8221;]Her zaman m\u00fc\u015fteri odakl\u0131 hizmet \u00fcretmekteyiz. Amac\u0131m\u0131z ger\u00e7ek\u00e7i bir yakla\u015f\u0131m ile y\u0131llar\u0131n getirmi\u015f oldu\u011fu mimari deneyimi sizlerin hayalleri ile s\u00fcslemektir.[\/wr_vc_section_accord][wr_vc_section_accord title=&#8221;S\u00fcre\u00e7 nas\u0131l y\u00f6netilmektedir?&#8221; title2=&#8221;2.&#8221;]\u00d6ncelikle projenizi sizlerden dinliyoruz. Proje ihtiya\u00e7lar\u0131n\u0131 analiz ediyor ve sizlere proje \u00e7\u0131kt\u0131lar\u0131n\u0131 sunuyoruz. Anla\u015fma do\u011frultusunda i\u015fin kapsam\u0131 belirleniyor ve tekliflendiriyoruz. Akabinde dilerseniz projenizi 3D canland\u0131rmas\u0131n\u0131&#8230;<\/p>\n","protected":false},"author":1,"featured_media":0,"parent":0,"menu_order":0,"comment_status":"closed","ping_status":"closed","template":"","meta":{"_links_to":"","_links_to_target":""},"_links":{"self":[{"href":"https:\/\/theinceptiondesign.com\/index.php\/wp-json\/wp\/v2\/pages\/85"}],"collection":[{"href":"https:\/\/theinceptiondesign.com\/index.php\/wp-json\/wp\/v2\/pages"}],"about":[{"href":"https:\/\/theinceptiondesign.com\/index.php\/wp-json\/wp\/v2\/types\/page"}],"author":[{"embeddable":true,"href":"https:\/\/theinceptiondesign.com\/index.php\/wp-json\/wp\/v2\/users\/1"}],"replies":[{"embeddable":true,"href":"https:\/\/theinceptiondesign.com\/index.php\/wp-json\/wp\/v2\/comments?post=85"}],"version-history":[{"count":4,"href":"https:\/\/theinceptiondesign.com\/index.php\/wp-json\/wp\/v2\/pages\/85\/revisions"}],"predecessor-version":[{"id":2219,"href":"https:\/\/theinceptiondesign.com\/index.php\/wp-json\/wp\/v2\/pages\/85\/revisions\/2219"}],"wp:attachment":[{"href":"https:\/\/theinceptiondesign.com\/index.php\/wp-json\/wp\/v2\/media?parent=85"}],"curies":[{"name":"wp","href":"https:\/\/api.w.org\/{rel}","templated":true}]}}