{"id":56,"date":"2021-09-30T22:12:42","date_gmt":"2021-09-30T22:12:42","guid":{"rendered":"https:\/\/webredox.net\/demo\/wp\/bauen\/light\/multi\/demo1\/?page_id=56"},"modified":"2025-03-23T18:11:57","modified_gmt":"2025-03-23T18:11:57","slug":"hakkimizda","status":"publish","type":"page","link":"https:\/\/theinceptiondesign.com\/index.php\/hakkimizda\/","title":{"rendered":"Hakk\u0131m\u0131zda"},"content":{"rendered":"<section class=\"wpb-content-wrapper\">[vc_row row_type=&#8221;main-section&#8221; bauen_section_layout=&#8221;section_grid&#8221; bauen_df_padding_bottom=&#8221;section-padding2&#8243;][vc_column width=&#8221;1\/2&#8243;][wr_vc_section_heading title=&#8221;Hakk\u0131m\u0131zda `{`span`}` `{`\/span`}`&#8221; animate=&#8221;yes&#8221; title2=&#8221;Bauen&#8221;]Kuruldu\u011fu g\u00fcnden bu yana yapt\u0131\u011f\u0131m\u0131z b\u00fct\u00fcn \u00e7al\u0131\u015fmalar\u0131 ayr\u0131 \u00f6zenle i\u015fleme ald\u0131k. Tamamlad\u0131\u011f\u0131m\u0131z b\u00fct\u00fcn operasyonlar\u0131\u00a0 zaman\u0131nda bitirip,\u00a0 belirgin tasar\u0131m \u00e7izgimizi m\u00fc\u015fteri ihtiya\u00e7lar\u0131 ile harmanlayarak korumaya gayret ettik.<\/p>\n<p>Sadece yeniye de\u011fil eskiden yeniye a\u011f\u0131rl\u0131k verdik.<\/p>\n<p>T\u00fcm bu istikrarl\u0131 i\u015f hayat\u0131 deneyimi ile otel, konut, villa, restaurant ,spa, fitness, hastane, medikal, beach, sinema salonlar\u0131, estetik ve bir\u00e7ok nitelikli projelere imza att\u0131k..<\/p>\n<p>Art\u0131k The Inception Design olarak projelerimize imza at\u0131yoruz..<\/p>\n<p>The Inception Design olarak \u00f6zellikle Antalya\u2019da yer alan bir \u00e7ok otel zincirinde sizlere sunabilece\u011fimiz ah\u015fap boyama ,tadilat ve dekorasyonunu yapt\u0131\u011f\u0131m\u0131z bir\u00e7ok referanslar\u0131m\u0131z vard\u0131r. Detayl\u0131 refanslar\u0131m\u0131z i\u00e7in bizimle ileti\u015fime ge\u00e7ebilirsiniz.[\/wr_vc_section_heading][\/vc_column][vc_column width=&#8221;1\/2&#8243;][wr_vc_section_image featyretype=&#8221;st2&#8243; animate=&#8221;yes&#8221; image=&#8221;17&#8243; title=&#8221;Antalya&#8221;][\/vc_column][\/vc_row][vc_row row_type=&#8221;main-section&#8221; bauen_section_layout=&#8221;section_grid&#8221; bauen_section_row_grid=&#8221;no&#8221; bauen_df_padding_top=&#8221;section-padding1&#8243; bauen_df_padding_bottom=&#8221;section-padding2&#8243;][vc_column][wr_vc_section_heading title=&#8221;Ekibimiz `{`span`}` `{`\/span`}`&#8221; animate=&#8221;yes&#8221;][\/wr_vc_section_heading][wr_vc_teamss team_autoplay=&#8221;true&#8221; team_speed=&#8221;400&#8243;][wr_vc_teams image=&#8221;21&#8243; title=&#8221;Aylin BAYDEM\u0130R B\u0130\u00c7ER&#8221; title2=&#8221;Y\u00f6netim Kurulu Ba\u015fkan\u0131&#8221; title3=&#8221;aylin@theinceptiondesing.com&#8221;][wr_vc_team icon_class=&#8221;ti-facebook&#8221; link_url=&#8221;#&#8221;][wr_vc_team icon_class=&#8221;ti-twitter-alt&#8221; link_url=&#8221;#&#8221;][wr_vc_team icon_class=&#8221;ti-instagram&#8221; link_url=&#8221;#&#8221;][\/wr_vc_teams][wr_vc_teams image=&#8221;22&#8243; title=&#8221;Zeki AKKAYA&#8221; title2=&#8221;Genel M\u00fcd\u00fcr&#8221; title3=&#8221;zeki@theinceptiondesing.com&#8221;][wr_vc_team icon_class=&#8221;ti-facebook&#8221; link_url=&#8221;#&#8221;][wr_vc_team icon_class=&#8221;ti-twitter-alt&#8221; link_url=&#8221;#&#8221;][wr_vc_team icon_class=&#8221;ti-instagram&#8221; link_url=&#8221;#&#8221;][\/wr_vc_teams][wr_vc_teams image=&#8221;20&#8243; title=&#8221;Yal\u0131n Bi\u00e7er&#8221; title2=&#8221;Y\u00f6netim Kurulu Ba\u015fkan Yard\u0131mc\u0131s\u0131&#8221; title3=&#8221;yalin@theinceptiondesing.com&#8221;][wr_vc_team icon_class=&#8221;ti-facebook&#8221; link_url=&#8221;#&#8221;][wr_vc_team icon_class=&#8221;ti-twitter-alt&#8221; link_url=&#8221;#&#8221;][wr_vc_team icon_class=&#8221;ti-instagram&#8221; link_url=&#8221;#&#8221;][\/wr_vc_teams][\/wr_vc_teamss][\/vc_column][\/vc_row]\n<\/section>","protected":false},"excerpt":{"rendered":"<p>[vc_row row_type=&#8221;main-section&#8221; bauen_section_layout=&#8221;section_grid&#8221; bauen_df_padding_bottom=&#8221;section-padding2&#8243;][vc_column width=&#8221;1\/2&#8243;][wr_vc_section_heading title=&#8221;Hakk\u0131m\u0131zda `{`span`}` `{`\/span`}`&#8221; animate=&#8221;yes&#8221; title2=&#8221;Bauen&#8221;]Kuruldu\u011fu g\u00fcnden bu yana yapt\u0131\u011f\u0131m\u0131z b\u00fct\u00fcn \u00e7al\u0131\u015fmalar\u0131 ayr\u0131 \u00f6zenle i\u015fleme ald\u0131k. Tamamlad\u0131\u011f\u0131m\u0131z b\u00fct\u00fcn operasyonlar\u0131\u00a0 zaman\u0131nda bitirip,\u00a0 belirgin tasar\u0131m \u00e7izgimizi m\u00fc\u015fteri ihtiya\u00e7lar\u0131 ile harmanlayarak korumaya gayret ettik. Sadece yeniye de\u011fil eskiden yeniye a\u011f\u0131rl\u0131k verdik. T\u00fcm bu istikrarl\u0131 i\u015f hayat\u0131 deneyimi ile otel, konut, villa, restaurant ,spa, fitness, hastane, medikal, beach, sinema salonlar\u0131,&#8230;<\/p>\n","protected":false},"author":1,"featured_media":0,"parent":0,"menu_order":0,"comment_status":"closed","ping_status":"closed","template":"","meta":{"_links_to":"","_links_to_target":""},"_links":{"self":[{"href":"https:\/\/theinceptiondesign.com\/index.php\/wp-json\/wp\/v2\/pages\/56"}],"collection":[{"href":"https:\/\/theinceptiondesign.com\/index.php\/wp-json\/wp\/v2\/pages"}],"about":[{"href":"https:\/\/theinceptiondesign.com\/index.php\/wp-json\/wp\/v2\/types\/page"}],"author":[{"embeddable":true,"href":"https:\/\/theinceptiondesign.com\/index.php\/wp-json\/wp\/v2\/users\/1"}],"replies":[{"embeddable":true,"href":"https:\/\/theinceptiondesign.com\/index.php\/wp-json\/wp\/v2\/comments?post=56"}],"version-history":[{"count":21,"href":"https:\/\/theinceptiondesign.com\/index.php\/wp-json\/wp\/v2\/pages\/56\/revisions"}],"predecessor-version":[{"id":2227,"href":"https:\/\/theinceptiondesign.com\/index.php\/wp-json\/wp\/v2\/pages\/56\/revisions\/2227"}],"wp:attachment":[{"href":"https:\/\/theinceptiondesign.com\/index.php\/wp-json\/wp\/v2\/media?parent=56"}],"curies":[{"name":"wp","href":"https:\/\/api.w.org\/{rel}","templated":true}]}}