{"id":2072,"date":"2022-11-26T13:02:45","date_gmt":"2022-11-26T13:02:45","guid":{"rendered":"https:\/\/theinceptiondesign.com\/?page_id=2072"},"modified":"2022-12-02T07:54:37","modified_gmt":"2022-12-02T07:54:37","slug":"ahsap-ozel-boyama-ve-onarim","status":"publish","type":"page","link":"https:\/\/theinceptiondesign.com\/index.php\/services\/ahsap-ozel-boyama-ve-onarim\/","title":{"rendered":"Ah\u015fap Onar\u0131m ve Bak\u0131m"},"content":{"rendered":"<section class=\"wpb-content-wrapper\">[vc_row row_type=&#8221;main-section&#8221; bauen_section_layout=&#8221;section_grid&#8221; bauen_section_layout_grid=&#8221;section_layout_grid3&#8243; bauen_margin_bottom=&#8221;30px&#8221;][vc_column][wr_vc_section_heading featyretype=&#8221;st2&#8243; title=&#8221;Ah\u015fap Onar\u0131m ve Bak\u0131m&#8221;][\/wr_vc_section_heading][wr_vc_section_context]Ah\u015fap boyama teknikleri ile i\u00e7 veya d\u0131\u015f mekanlarda ah\u015fap y\u00fczeylerin korunmas\u0131 ve g\u00fczel g\u00f6r\u00fcnmesi i\u00e7in \u00e7al\u0131\u015fmalar yapmaktay\u0131z.[\/wr_vc_section_context][wr_vc_section_gallery image=&#8221;2136&#8243;][\/vc_column][\/vc_row]\n<\/section>","protected":false},"excerpt":{"rendered":"<p>[vc_row row_type=&#8221;main-section&#8221; bauen_section_layout=&#8221;section_grid&#8221; bauen_section_layout_grid=&#8221;section_layout_grid3&#8243; bauen_margin_bottom=&#8221;30px&#8221;][vc_column][wr_vc_section_heading featyretype=&#8221;st2&#8243; title=&#8221;Ah\u015fap Onar\u0131m ve Bak\u0131m&#8221;][\/wr_vc_section_heading][wr_vc_section_context]Ah\u015fap boyama teknikleri ile i\u00e7 veya d\u0131\u015f mekanlarda ah\u015fap y\u00fczeylerin korunmas\u0131 ve g\u00fczel g\u00f6r\u00fcnmesi i\u00e7in \u00e7al\u0131\u015fmalar yapmaktay\u0131z.[\/wr_vc_section_context][wr_vc_section_gallery image=&#8221;2136&#8243;][\/vc_column][\/vc_row]<\/p>\n","protected":false},"author":1,"featured_media":0,"parent":61,"menu_order":0,"comment_status":"closed","ping_status":"closed","template":"","meta":{"_links_to":"","_links_to_target":""},"_links":{"self":[{"href":"https:\/\/theinceptiondesign.com\/index.php\/wp-json\/wp\/v2\/pages\/2072"}],"collection":[{"href":"https:\/\/theinceptiondesign.com\/index.php\/wp-json\/wp\/v2\/pages"}],"about":[{"href":"https:\/\/theinceptiondesign.com\/index.php\/wp-json\/wp\/v2\/types\/page"}],"author":[{"embeddable":true,"href":"https:\/\/theinceptiondesign.com\/index.php\/wp-json\/wp\/v2\/users\/1"}],"replies":[{"embeddable":true,"href":"https:\/\/theinceptiondesign.com\/index.php\/wp-json\/wp\/v2\/comments?post=2072"}],"version-history":[{"count":9,"href":"https:\/\/theinceptiondesign.com\/index.php\/wp-json\/wp\/v2\/pages\/2072\/revisions"}],"predecessor-version":[{"id":2217,"href":"https:\/\/theinceptiondesign.com\/index.php\/wp-json\/wp\/v2\/pages\/2072\/revisions\/2217"}],"up":[{"embeddable":true,"href":"https:\/\/theinceptiondesign.com\/index.php\/wp-json\/wp\/v2\/pages\/61"}],"wp:attachment":[{"href":"https:\/\/theinceptiondesign.com\/index.php\/wp-json\/wp\/v2\/media?parent=2072"}],"curies":[{"name":"wp","href":"https:\/\/api.w.org\/{rel}","templated":true}]}}