{"id":205,"date":"2021-09-25T14:49:40","date_gmt":"2021-09-25T14:49:40","guid":{"rendered":"https:\/\/webredox.net\/demo\/wp\/bauen\/light\/multi\/demo1\/?page_id=9"},"modified":"2025-03-23T18:03:02","modified_gmt":"2025-03-23T18:03:02","slug":"home","status":"publish","type":"page","link":"https:\/\/theinceptiondesign.com\/","title":{"rendered":"Home"},"content":{"rendered":"<section class=\"wpb-content-wrapper\">[vc_row row_type=&#8221;main-section&#8221; bauen_section_layout=&#8221;section_grid&#8221; bauen_df_padding_top=&#8221;section-padding1&#8243; bauen_df_padding_bottom=&#8221;section-padding2&#8243;][vc_column width=&#8221;1\/2&#8243;][wr_vc_section_heading title=&#8221;The Inception `{`span`}` Design `{`\/span`}`&#8221; animate=&#8221;yes&#8221; title2=&#8221;Bauen&#8221;]2013 Y\u0131l\u0131nda Aylin BAYDEM\u0130R B\u0130\u00c7ER taraf\u0131ndan kurulmu\u015f i\u00e7 mimari,in\u015faat,imalat ah\u015fap boyama,tadilat,peyzaj,\u00fcr\u00fcn tasar\u0131m\u0131 ,Feng Shui, astrolojik insan tasar\u0131m\u0131,dekorasyon alanlar\u0131nda hizmet veren bir i\u00e7 mimari ve tasar\u0131m st\u00fcdyosudur.<\/p>\n<p>The Inception Design olarak \u00f6zellikle Antalya\u2019da yer alan bir \u00e7ok otel zincirinde sizlere sunabilece\u011fimiz ah\u015fap boyama , tadilat ve dekorasyonunu ba\u015far\u0131 ile \u00fcstlendi\u011fimiz bir\u00e7ok referanslar\u0131m\u0131z vard\u0131r.[\/wr_vc_section_heading][\/vc_column][vc_column width=&#8221;1\/2&#8243;][wr_vc_section_image featyretype=&#8221;st2&#8243; animate=&#8221;yes&#8221; image=&#8221;17&#8243; title=&#8221;Antalya&#8221;][\/vc_column][vc_row][\/vc_row][vc_column][\/vc_column][vc_column_text][\/vc_column_text][\/vc_row][vc_row row_type=&#8221;main-section&#8221; bauen_section_layout=&#8221;section_grid&#8221; bauen_df_padding_top=&#8221;section-padding1&#8243; bauen_df_padding_bottom=&#8221;section-padding2&#8243;][vc_column][\/vc_column][wr_vc_section_heading title=&#8221;`{`span`}` Hizmetlerimiz`{`\/span`}`&#8221; title2=&#8221;Services&#8221;][\/wr_vc_section_heading][vc_row_inner][vc_column_inner width=&#8221;1\/3&#8243;][wr_vc_section_services image=&#8221;31&#8243; title=&#8221;\u0130\u00e7 Mimarl\u0131k ve Peyzaj&#8221; title2=&#8221;01&#8243;]Ya\u015fam ve deneyim alanlar\u0131n\u0131z\u0131 g\u00fczelle\u015ftiriyoruz[\/wr_vc_section_services][wr_vc_section_services image=&#8221;34&#8243; title=&#8221;Projelendirme ve Fizibilite&#8221; title2=&#8221;04&#8243;]<b>Projeleri<\/b> ba\u015far\u0131ya ula\u015ft\u0131rmak i\u00e7in ekibimiz ile beraber, <b>projenin<\/b>\u00a0teknik\u00a0<b>mimari<\/b> altyap\u0131s\u0131n\u0131n olu\u015fturulmas\u0131 ve y\u00fcr\u00fct\u00fclmesi gibi faaliyetleri \u00fcstlenmekteyiz.[\/wr_vc_section_services][\/vc_column_inner][vc_column_inner width=&#8221;1\/3&#8243;][wr_vc_section_services image=&#8221;32&#8243; title=&#8221;Mimarl\u0131k&#8221; title2=&#8221;02&#8243;]Bina ve di\u011fer fiziki yap\u0131lar\u0131n\u0131z\u0131n tasar\u0131m ve modellemesini yap\u0131yoruz[\/wr_vc_section_services][wr_vc_section_services image=&#8221;63&#8243; title=&#8221;3D Modelleme&#8221; title2=&#8221;05&#8243;]\n<div id=\"TBpsY8KnJNqVxc8P9ZGBkAk__41\">\n<div class=\"wDYxhc\" data-md=\"61\">\n<div class=\"LGOjhe\" role=\"heading\" data-attrid=\"wa:\/description\" aria-level=\"3\" data-hveid=\"CD0QAA\"><span class=\"ILfuVd\" lang=\"tr\"><span class=\"hgKElc\">Bilgisayar ortam\u0131nda sanal \u00fc\u00e7 boyutlu <b>modelleme<\/b> yapmaktay\u0131z.\u00a0 Bu modelleme teknolojisi ile hayalinizi modelliyoruz.\u00a0<\/span><\/span><\/div>\n<\/div>\n<\/div>\n<div id=\"TBpsY8KnJNqVxc8P9ZGBkAk__42\">\n<div class=\"g\">\n<div data-hveid=\"CDYQAA\" data-ved=\"2ahUKEwjC_ayihKL7AhXaSvEDHfVIAJIQFSgAegQINhAA\">\n<div class=\"tF2Cxc\"><\/div>\n<\/div>\n<\/div>\n<\/div>\n[\/wr_vc_section_services][\/vc_column_inner][vc_column_inner width=&#8221;1\/3&#8243;][wr_vc_section_services image=&#8221;33&#8243; title=&#8221;Tasar\u0131m ve Onar\u0131m&#8221; title2=&#8221;03&#8243;]Ba\u015fta Ah\u015fap tasar\u0131m , onar\u0131m ve boyama faaliyetleri olmak \u00fczere tasar\u0131mlar\u0131m\u0131z ile \u00e7evrenizi g\u00fczelle\u015ftiriyoruz[\/wr_vc_section_services][wr_vc_section_services image=&#8221;62&#8243; title=&#8221;Ah\u015fap \u00d6zel Boyama ve Onar\u0131m&#8221; title2=&#8221;06&#8243;]<b>Ah\u015fap boyama teknikleri ile <\/b>i\u00e7 veya d\u0131\u015f mekanlarda\u00a0<b>ah\u015fap<\/b>\u00a0y\u00fczeylerin\u00a0<b>korunmas\u0131<\/b> ve g\u00fczel g\u00f6r\u00fcnmesi i\u00e7in \u00e7al\u0131\u015fmalar yapmaktay\u0131z.[\/wr_vc_section_services][\/vc_column_inner][\/vc_row_inner][vc_row row_type=&#8221;main-section&#8221;][\/vc_row][\/vc_row][vc_row][vc_column][\/vc_column][vc_column_text][\/vc_column_text][\/vc_row][vc_row][vc_column][vc_column_text][\/vc_column_text][vc_column][\/vc_column][\/vc_column][wr_vc_section_heading title=&#8221;\u0130\u015f`{`span`}` Ak\u0131\u015f\u0131`{`\/span`}`&#8221;][\/wr_vc_section_heading][vc_row_inner inner_sec_effect_opt=&#8221;mt-60 mb-60&#8243;][\/vc_row_inner][vc_column_inner width=&#8221;1\/4&#8243;][wr_vc_section_process df_class=&#8221;first&#8221; df_class2=&#8221;tobotm&#8221; icon_class=&#8221;icon ti-thought&#8221; title=&#8221;M\u00fc\u015fteri \u0130htiya\u00e7lar\u0131&#8221; title2=&#8221;01&#8243;]Sizleri \u00e7ok iyi dinliyor ve isteklerinizi analiz ediyoruz[\/wr_vc_section_process][\/vc_column_inner][vc_column_inner width=&#8221;1\/4&#8243;][wr_vc_section_process df_class=&#8221;odd mb-md50&#8243; icon_class=&#8221;ti-direction-alt&#8221; title=&#8221;Teknik ve Deneyim&#8221; title2=&#8221;02&#8243;]Hayallerinizi teknik deneyimler ile bulu\u015fturuyor ve en iyi \u015fekilde size se\u00e7enekleri sunuyoruz.[\/wr_vc_section_process][\/vc_column_inner][vc_column_inner width=&#8221;1\/4&#8243;][wr_vc_section_process df_class2=&#8221;tobotm&#8221; icon_class=&#8221;ti-ruler-pencil&#8221; title=&#8221;Tasar\u0131m&#8221; title2=&#8221;03&#8243;]Hayallerinizi tasarl\u0131yoruz[\/wr_vc_section_process][\/vc_column_inner][vc_column_inner width=&#8221;1\/4&#8243;][wr_vc_section_process df_class=&#8221;odd&#8221; featyretype=&#8221;st2&#8243; icon_class=&#8221;ti-tag&#8221; title=&#8221;Fizibilite ve \u0130\u015f Teslim&#8221; title2=&#8221;04&#8243;]D\u00fc\u015f\u00fcncelerimizi finansal ve teknik fizibiliteye d\u00f6k\u00fcp , onay\u0131n\u0131 ald\u0131\u011f\u0131m\u0131z i\u015fi eksiksiz tan\u0131mlanan s\u00fcre i\u00e7erisinde teslim ediyoruz.[\/wr_vc_section_process][vc_column_inner width=&#8221;1\/4&#8243;][\/vc_column_inner][\/vc_column_inner][vc_row][\/vc_row][vc_column][\/vc_column][vc_column_text][\/vc_column_text][\/vc_row][vc_row row_type=&#8221;main-section&#8221; bauen_section_layout=&#8221;section_grid&#8221; bauen_df_padding_top=&#8221;section-padding1&#8243; bauen_df_padding_bottom=&#8221;section-padding2&#8243;][vc_column][wr_vc_section_heading title=&#8221;`{`span`}` Referanslar`{`\/span`}`&#8221; title2=&#8221;News&#8221;][\/wr_vc_section_heading][\/vc_column][vc_column]<div class=\"sec-blog bauen-blog \"><div class=\"owl-carousel owl-theme\" data-blog-autoplay=\"true\" data-blog-speed=\"500\" data-projects-nav=\"true\" data-projects-dots=\"true\"><div class=\"item\"><div class=\"position-re o-hidden\"><img src=\"https:\/\/theinceptiondesign.com\/wp-content\/uploads\/2022\/11\/Dgmos-Sunum-19-540x317.png\" alt=\"\" \/><\/div><div class=\"con\"><span class=\"category\"><a href=\"https:\/\/theinceptiondesign.com\/index.php\/category\/oteller\/\" rel=\"category tag\">Oteller<\/a> - November 26, 2022<\/span><h5><a href=\"https:\/\/theinceptiondesign.com\/index.php\/2022\/11\/26\/kral-dairesi\/\">Kral Dairesi<\/a><\/h5><\/div><\/div><div class=\"item\"><div class=\"position-re o-hidden\"><img src=\"https:\/\/theinceptiondesign.com\/wp-content\/uploads\/2022\/11\/Dgmos-Sunum-20-540x317.png\" alt=\"\" \/><\/div><div class=\"con\"><span class=\"category\"><a href=\"https:\/\/theinceptiondesign.com\/index.php\/category\/restaurant-ve-mekanlar\/\" rel=\"category tag\">Restaurant ve Mekanlar<\/a> - November 26, 2022<\/span><h5><a href=\"https:\/\/theinceptiondesign.com\/index.php\/2022\/11\/26\/beach-bar\/\">Beach Bar<\/a><\/h5><\/div><\/div><div class=\"item\"><div class=\"position-re o-hidden\"><img src=\"https:\/\/theinceptiondesign.com\/wp-content\/uploads\/2021\/09\/Maxx-Royal-540x317.png\" alt=\"\" \/><\/div><div class=\"con\"><span class=\"category\"><a href=\"https:\/\/theinceptiondesign.com\/index.php\/category\/oteller\/\" rel=\"category tag\">Oteller<\/a> - September 30, 2021<\/span><h5><a href=\"https:\/\/theinceptiondesign.com\/index.php\/2021\/09\/30\/maxx-royal-belek-golf-resort\/\">Maxx Royal Belek Golf Resort<\/a><\/h5><\/div><\/div><div class=\"item\"><div class=\"position-re o-hidden\"><img src=\"https:\/\/theinceptiondesign.com\/wp-content\/uploads\/2021\/09\/mitsis-rodosvillage-42-hd-540x317.jpg\" alt=\"\" \/><\/div><div class=\"con\"><span class=\"category\"><a href=\"https:\/\/theinceptiondesign.com\/index.php\/category\/oteller\/\" rel=\"category tag\">Oteller<\/a> - September 26, 2021<\/span><h5><a href=\"https:\/\/theinceptiondesign.com\/index.php\/2021\/09\/26\/renaissance-antalya-beach-resort-spa\/\">Renaissance Antalya Beach Resort &#038; Spa<\/a><\/h5><\/div><\/div><div class=\"item\"><div class=\"position-re o-hidden\"><img src=\"https:\/\/theinceptiondesign.com\/wp-content\/uploads\/2021\/09\/5-2-540x317.png\" alt=\"\" \/><\/div><div class=\"con\"><span class=\"category\"><a href=\"https:\/\/theinceptiondesign.com\/index.php\/category\/oteller\/\" rel=\"category tag\">Oteller<\/a> - September 19, 2021<\/span><h5><a href=\"https:\/\/theinceptiondesign.com\/index.php\/2021\/09\/19\/nirvana-mediterranean-excellence-otel\/\">Nirvana Mediterranean Excellence Otel<\/a><\/h5><\/div><\/div><div class=\"item\"><div class=\"position-re o-hidden\"><img src=\"https:\/\/theinceptiondesign.com\/wp-content\/uploads\/2021\/09\/Voyage-Belek-Comfort-Zone-2637504567364157056-370x317.jpg\" alt=\"\" \/><\/div><div class=\"con\"><span class=\"category\"><a href=\"https:\/\/theinceptiondesign.com\/index.php\/category\/oteller\/\" rel=\"category tag\">Oteller<\/a> - September 12, 2021<\/span><h5><a href=\"https:\/\/theinceptiondesign.com\/index.php\/2021\/09\/12\/voyage-belek\/\">Voyage Belek<\/a><\/h5><\/div><\/div><div class=\"item\"><div class=\"position-re o-hidden\"><img src=\"https:\/\/theinceptiondesign.com\/wp-content\/uploads\/2021\/06\/marti-1-540x317.png\" alt=\"\" \/><\/div><div class=\"con\"><span class=\"category\"><a href=\"https:\/\/theinceptiondesign.com\/index.php\/category\/oteller\/\" rel=\"category tag\">Oteller<\/a> - June 19, 2021<\/span><h5><a href=\"https:\/\/theinceptiondesign.com\/index.php\/2021\/06\/19\/marti-myra\/\">Mart\u0131 Myra<\/a><\/h5><\/div><\/div><div class=\"item\"><div class=\"position-re o-hidden\"><img src=\"https:\/\/theinceptiondesign.com\/wp-content\/uploads\/2021\/04\/titanics-540x317.png\" alt=\"\" \/><\/div><div class=\"con\"><span class=\"category\"><a href=\"https:\/\/theinceptiondesign.com\/index.php\/category\/oteller\/\" rel=\"category tag\">Oteller<\/a> - April 17, 2021<\/span><h5><a href=\"https:\/\/theinceptiondesign.com\/index.php\/2021\/04\/17\/titanic-golf-club-hotel-antalya-belek\/\">Titanic Golf Club Hotel Antalya Belek<\/a><\/h5><\/div><\/div><\/div><\/div>[\/vc_column][vc_row][\/vc_row][vc_column][\/vc_column][vc_column_text][\/vc_column_text][\/vc_row][vc_column width=&#8221;2\/3&#8243;][\/vc_column][vc_column width=&#8221;1\/3&#8243;][\/vc_column]\n<\/section>","protected":false},"excerpt":{"rendered":"<p>[vc_row row_type=&#8221;main-section&#8221; bauen_section_layout=&#8221;section_grid&#8221; bauen_df_padding_top=&#8221;section-padding1&#8243; bauen_df_padding_bottom=&#8221;section-padding2&#8243;][vc_column width=&#8221;1\/2&#8243;][wr_vc_section_heading title=&#8221;The Inception `{`span`}` Design `{`\/span`}`&#8221; animate=&#8221;yes&#8221; title2=&#8221;Bauen&#8221;]2013 Y\u0131l\u0131nda Aylin BAYDEM\u0130R B\u0130\u00c7ER taraf\u0131ndan kurulmu\u015f i\u00e7 mimari,in\u015faat,imalat ah\u015fap boyama,tadilat,peyzaj,\u00fcr\u00fcn tasar\u0131m\u0131 ,Feng Shui, astrolojik insan tasar\u0131m\u0131,dekorasyon alanlar\u0131nda hizmet veren bir i\u00e7 mimari ve tasar\u0131m st\u00fcdyosudur. The Inception Design olarak \u00f6zellikle Antalya\u2019da yer alan bir \u00e7ok otel zincirinde sizlere sunabilece\u011fimiz ah\u015fap boyama , tadilat ve dekorasyonunu ba\u015far\u0131 ile&#8230;<\/p>\n","protected":false},"author":1,"featured_media":0,"parent":0,"menu_order":0,"comment_status":"closed","ping_status":"closed","template":"","meta":{"_links_to":"","_links_to_target":""},"_links":{"self":[{"href":"https:\/\/theinceptiondesign.com\/index.php\/wp-json\/wp\/v2\/pages\/205"}],"collection":[{"href":"https:\/\/theinceptiondesign.com\/index.php\/wp-json\/wp\/v2\/pages"}],"about":[{"href":"https:\/\/theinceptiondesign.com\/index.php\/wp-json\/wp\/v2\/types\/page"}],"author":[{"embeddable":true,"href":"https:\/\/theinceptiondesign.com\/index.php\/wp-json\/wp\/v2\/users\/1"}],"replies":[{"embeddable":true,"href":"https:\/\/theinceptiondesign.com\/index.php\/wp-json\/wp\/v2\/comments?post=205"}],"version-history":[{"count":64,"href":"https:\/\/theinceptiondesign.com\/index.php\/wp-json\/wp\/v2\/pages\/205\/revisions"}],"predecessor-version":[{"id":2225,"href":"https:\/\/theinceptiondesign.com\/index.php\/wp-json\/wp\/v2\/pages\/205\/revisions\/2225"}],"wp:attachment":[{"href":"https:\/\/theinceptiondesign.com\/index.php\/wp-json\/wp\/v2\/media?parent=205"}],"curies":[{"name":"wp","href":"https:\/\/api.w.org\/{rel}","templated":true}]}}