{"id":176,"date":"2021-10-04T04:25:09","date_gmt":"2021-10-04T04:25:09","guid":{"rendered":"https:\/\/webredox.net\/demo\/wp\/bauen\/light\/multi\/demo1\/?page_id=176"},"modified":"2022-11-26T16:23:35","modified_gmt":"2022-11-26T16:23:35","slug":"ic-mimarlik-ve-peyzaj","status":"publish","type":"page","link":"https:\/\/theinceptiondesign.com\/index.php\/services\/ic-mimarlik-ve-peyzaj\/","title":{"rendered":"\u0130\u00e7 Mimarl\u0131k ve Peyzaj"},"content":{"rendered":"<section class=\"wpb-content-wrapper\">[vc_row row_type=&#8221;main-section&#8221; bauen_section_layout=&#8221;section_grid&#8221; bauen_section_layout_grid=&#8221;section_layout_grid3&#8243; bauen_margin_bottom=&#8221;30px&#8221;][vc_column][wr_vc_section_heading featyretype=&#8221;st2&#8243; title=&#8221;\u0130\u00e7 Mimarl\u0131k ve Peyzaj&#8221;][\/wr_vc_section_heading][wr_vc_section_context]<b>\u0130\u00e7 Mimarl\u0131k<\/b> ve \u00c7evre Tasar\u0131m\u0131 ile, t\u00fcm ya\u015fayanlar i\u00e7in ya\u015fanabilir, s\u00fcrd\u00fcr\u00fclebilir, sa\u011fl\u0131kl\u0131 ve etik de\u011ferlere sayg\u0131l\u0131, estetik duygusu y\u00fcksek <b>i\u00e7<\/b> mekan ve \u00e7evresel tasar\u0131mlar\u0131n ger\u00e7ekle\u015ftirilmesini sa\u011flayacak \u015fekilde dokunu\u015flar yap\u0131yoruz.[\/wr_vc_section_context][wr_vc_section_gallery image=&#8221;1963&#8243;][\/vc_column][\/vc_row][vc_row][vc_column width=&#8221;1\/2&#8243;][wr_vc_section_image animate=&#8221;yes&#8221; image=&#8221;2125&#8243;][\/vc_column][vc_column width=&#8221;1\/2&#8243;][wr_vc_section_image animate=&#8221;yes&#8221; image=&#8221;2126&#8243;][\/vc_column][\/vc_row]\n<\/section>","protected":false},"excerpt":{"rendered":"<p>[vc_row row_type=&#8221;main-section&#8221; bauen_section_layout=&#8221;section_grid&#8221; bauen_section_layout_grid=&#8221;section_layout_grid3&#8243; bauen_margin_bottom=&#8221;30px&#8221;][vc_column][wr_vc_section_heading featyretype=&#8221;st2&#8243; title=&#8221;\u0130\u00e7 Mimarl\u0131k ve Peyzaj&#8221;][\/wr_vc_section_heading][wr_vc_section_context]\u0130\u00e7 Mimarl\u0131k ve \u00c7evre Tasar\u0131m\u0131 ile, t\u00fcm ya\u015fayanlar i\u00e7in ya\u015fanabilir, s\u00fcrd\u00fcr\u00fclebilir, sa\u011fl\u0131kl\u0131 ve etik de\u011ferlere sayg\u0131l\u0131, estetik duygusu y\u00fcksek i\u00e7 mekan ve \u00e7evresel tasar\u0131mlar\u0131n ger\u00e7ekle\u015ftirilmesini sa\u011flayacak \u015fekilde dokunu\u015flar yap\u0131yoruz.[\/wr_vc_section_context][wr_vc_section_gallery image=&#8221;1963&#8243;][\/vc_column][\/vc_row][vc_row][vc_column width=&#8221;1\/2&#8243;][wr_vc_section_image animate=&#8221;yes&#8221; image=&#8221;2125&#8243;][\/vc_column][vc_column width=&#8221;1\/2&#8243;][wr_vc_section_image animate=&#8221;yes&#8221; image=&#8221;2126&#8243;][\/vc_column][\/vc_row]<\/p>\n","protected":false},"author":1,"featured_media":0,"parent":61,"menu_order":0,"comment_status":"closed","ping_status":"closed","template":"","meta":{"_links_to":"","_links_to_target":""},"_links":{"self":[{"href":"https:\/\/theinceptiondesign.com\/index.php\/wp-json\/wp\/v2\/pages\/176"}],"collection":[{"href":"https:\/\/theinceptiondesign.com\/index.php\/wp-json\/wp\/v2\/pages"}],"about":[{"href":"https:\/\/theinceptiondesign.com\/index.php\/wp-json\/wp\/v2\/types\/page"}],"author":[{"embeddable":true,"href":"https:\/\/theinceptiondesign.com\/index.php\/wp-json\/wp\/v2\/users\/1"}],"replies":[{"embeddable":true,"href":"https:\/\/theinceptiondesign.com\/index.php\/wp-json\/wp\/v2\/comments?post=176"}],"version-history":[{"count":5,"href":"https:\/\/theinceptiondesign.com\/index.php\/wp-json\/wp\/v2\/pages\/176\/revisions"}],"predecessor-version":[{"id":2128,"href":"https:\/\/theinceptiondesign.com\/index.php\/wp-json\/wp\/v2\/pages\/176\/revisions\/2128"}],"up":[{"embeddable":true,"href":"https:\/\/theinceptiondesign.com\/index.php\/wp-json\/wp\/v2\/pages\/61"}],"wp:attachment":[{"href":"https:\/\/theinceptiondesign.com\/index.php\/wp-json\/wp\/v2\/media?parent=176"}],"curies":[{"name":"wp","href":"https:\/\/api.w.org\/{rel}","templated":true}]}}