{"id":175,"date":"2021-10-04T04:26:41","date_gmt":"2021-10-04T04:26:41","guid":{"rendered":"https:\/\/webredox.net\/demo\/wp\/bauen\/light\/multi\/demo1\/?page_id=175"},"modified":"2022-11-26T13:28:54","modified_gmt":"2022-11-26T13:28:54","slug":"tasarim-ve-onarim","status":"publish","type":"page","link":"https:\/\/theinceptiondesign.com\/index.php\/services\/tasarim-ve-onarim\/","title":{"rendered":"Tasar\u0131m ve Onar\u0131m"},"content":{"rendered":"<section class=\"wpb-content-wrapper\">[vc_row row_type=&#8221;main-section&#8221; bauen_section_layout=&#8221;section_grid&#8221; bauen_section_layout_grid=&#8221;section_layout_grid3&#8243; bauen_margin_bottom=&#8221;30px&#8221;][vc_column][wr_vc_section_heading featyretype=&#8221;st2&#8243; title=&#8221;Tasar\u0131m ve Onar\u0131m&#8221;][\/wr_vc_section_heading][wr_vc_section_context]Ba\u015fta Ah\u015fap tasar\u0131m , onar\u0131m ve boyama faaliyetleri olmak \u00fczere tasar\u0131mlar\u0131m\u0131z ile \u00e7evrenizi g\u00fczelle\u015ftiriyoruz[\/wr_vc_section_context][vc_row_inner][vc_column_inner width=&#8221;1\/2&#8243;][wr_vc_section_gallery image=&#8221;192&#8243;][\/vc_column_inner][vc_column_inner width=&#8221;1\/2&#8243;][wr_vc_section_gallery image=&#8221;193&#8243;][\/vc_column_inner][\/vc_row_inner][\/vc_column][\/vc_row]\n<\/section>","protected":false},"excerpt":{"rendered":"<p>[vc_row row_type=&#8221;main-section&#8221; bauen_section_layout=&#8221;section_grid&#8221; bauen_section_layout_grid=&#8221;section_layout_grid3&#8243; bauen_margin_bottom=&#8221;30px&#8221;][vc_column][wr_vc_section_heading featyretype=&#8221;st2&#8243; title=&#8221;Tasar\u0131m ve Onar\u0131m&#8221;][\/wr_vc_section_heading][wr_vc_section_context]Ba\u015fta Ah\u015fap tasar\u0131m , onar\u0131m ve boyama faaliyetleri olmak \u00fczere tasar\u0131mlar\u0131m\u0131z ile \u00e7evrenizi g\u00fczelle\u015ftiriyoruz[\/wr_vc_section_context][vc_row_inner][vc_column_inner width=&#8221;1\/2&#8243;][wr_vc_section_gallery image=&#8221;192&#8243;][\/vc_column_inner][vc_column_inner width=&#8221;1\/2&#8243;][wr_vc_section_gallery image=&#8221;193&#8243;][\/vc_column_inner][\/vc_row_inner][\/vc_column][\/vc_row]<\/p>\n","protected":false},"author":1,"featured_media":0,"parent":61,"menu_order":0,"comment_status":"closed","ping_status":"closed","template":"","meta":{"_links_to":"","_links_to_target":""},"_links":{"self":[{"href":"https:\/\/theinceptiondesign.com\/index.php\/wp-json\/wp\/v2\/pages\/175"}],"collection":[{"href":"https:\/\/theinceptiondesign.com\/index.php\/wp-json\/wp\/v2\/pages"}],"about":[{"href":"https:\/\/theinceptiondesign.com\/index.php\/wp-json\/wp\/v2\/types\/page"}],"author":[{"embeddable":true,"href":"https:\/\/theinceptiondesign.com\/index.php\/wp-json\/wp\/v2\/users\/1"}],"replies":[{"embeddable":true,"href":"https:\/\/theinceptiondesign.com\/index.php\/wp-json\/wp\/v2\/comments?post=175"}],"version-history":[{"count":3,"href":"https:\/\/theinceptiondesign.com\/index.php\/wp-json\/wp\/v2\/pages\/175\/revisions"}],"predecessor-version":[{"id":2088,"href":"https:\/\/theinceptiondesign.com\/index.php\/wp-json\/wp\/v2\/pages\/175\/revisions\/2088"}],"up":[{"embeddable":true,"href":"https:\/\/theinceptiondesign.com\/index.php\/wp-json\/wp\/v2\/pages\/61"}],"wp:attachment":[{"href":"https:\/\/theinceptiondesign.com\/index.php\/wp-json\/wp\/v2\/media?parent=175"}],"curies":[{"name":"wp","href":"https:\/\/api.w.org\/{rel}","templated":true}]}}