{"id":172,"date":"2021-10-04T04:14:55","date_gmt":"2021-10-04T04:14:55","guid":{"rendered":"https:\/\/webredox.net\/demo\/wp\/bauen\/light\/multi\/demo1\/?page_id=172"},"modified":"2022-11-26T16:31:12","modified_gmt":"2022-11-26T16:31:12","slug":"projelendirme-ve-fizibilite","status":"publish","type":"page","link":"https:\/\/theinceptiondesign.com\/index.php\/services\/projelendirme-ve-fizibilite\/","title":{"rendered":"Projelendirme ve Fizibilite"},"content":{"rendered":"<section class=\"wpb-content-wrapper\">[vc_row row_type=&#8221;main-section&#8221; bauen_section_layout=&#8221;section_grid&#8221; bauen_section_layout_grid=&#8221;section_layout_grid3&#8243; bauen_margin_bottom=&#8221;30px&#8221;][vc_column][wr_vc_section_heading featyretype=&#8221;st2&#8243; title=&#8221;Projelendirme ve Fizibilite&#8221;][\/wr_vc_section_heading][wr_vc_section_context]Projeleri ba\u015far\u0131ya ula\u015ft\u0131rmak i\u00e7in ekibimiz ile beraber, projenin teknik mimari altyap\u0131s\u0131n\u0131n olu\u015fturulmas\u0131 ve y\u00fcr\u00fct\u00fclmesi gibi faaliyetleri \u00fcstlenmekteyiz.[\/wr_vc_section_context][vc_row_inner][vc_column_inner width=&#8221;1\/2&#8243;][wr_vc_section_gallery image=&#8221;2137&#8243;][\/vc_column_inner][vc_column_inner width=&#8221;1\/2&#8243;][wr_vc_section_gallery image=&#8221;2146&#8243;][\/vc_column_inner][\/vc_row_inner][wr_vc_section_gallery image=&#8221;2147&#8243;][\/vc_column][\/vc_row]\n<\/section>","protected":false},"excerpt":{"rendered":"<p>[vc_row row_type=&#8221;main-section&#8221; bauen_section_layout=&#8221;section_grid&#8221; bauen_section_layout_grid=&#8221;section_layout_grid3&#8243; bauen_margin_bottom=&#8221;30px&#8221;][vc_column][wr_vc_section_heading featyretype=&#8221;st2&#8243; title=&#8221;Projelendirme ve Fizibilite&#8221;][\/wr_vc_section_heading][wr_vc_section_context]Projeleri ba\u015far\u0131ya ula\u015ft\u0131rmak i\u00e7in ekibimiz ile beraber, projenin teknik mimari altyap\u0131s\u0131n\u0131n olu\u015fturulmas\u0131 ve y\u00fcr\u00fct\u00fclmesi gibi faaliyetleri \u00fcstlenmekteyiz.[\/wr_vc_section_context][vc_row_inner][vc_column_inner width=&#8221;1\/2&#8243;][wr_vc_section_gallery image=&#8221;2137&#8243;][\/vc_column_inner][vc_column_inner width=&#8221;1\/2&#8243;][wr_vc_section_gallery image=&#8221;2146&#8243;][\/vc_column_inner][\/vc_row_inner][wr_vc_section_gallery image=&#8221;2147&#8243;][\/vc_column][\/vc_row]<\/p>\n","protected":false},"author":1,"featured_media":0,"parent":61,"menu_order":0,"comment_status":"closed","ping_status":"closed","template":"","meta":{"_links_to":"","_links_to_target":""},"_links":{"self":[{"href":"https:\/\/theinceptiondesign.com\/index.php\/wp-json\/wp\/v2\/pages\/172"}],"collection":[{"href":"https:\/\/theinceptiondesign.com\/index.php\/wp-json\/wp\/v2\/pages"}],"about":[{"href":"https:\/\/theinceptiondesign.com\/index.php\/wp-json\/wp\/v2\/types\/page"}],"author":[{"embeddable":true,"href":"https:\/\/theinceptiondesign.com\/index.php\/wp-json\/wp\/v2\/users\/1"}],"replies":[{"embeddable":true,"href":"https:\/\/theinceptiondesign.com\/index.php\/wp-json\/wp\/v2\/comments?post=172"}],"version-history":[{"count":4,"href":"https:\/\/theinceptiondesign.com\/index.php\/wp-json\/wp\/v2\/pages\/172\/revisions"}],"predecessor-version":[{"id":2149,"href":"https:\/\/theinceptiondesign.com\/index.php\/wp-json\/wp\/v2\/pages\/172\/revisions\/2149"}],"up":[{"embeddable":true,"href":"https:\/\/theinceptiondesign.com\/index.php\/wp-json\/wp\/v2\/pages\/61"}],"wp:attachment":[{"href":"https:\/\/theinceptiondesign.com\/index.php\/wp-json\/wp\/v2\/media?parent=172"}],"curies":[{"name":"wp","href":"https:\/\/api.w.org\/{rel}","templated":true}]}}