{"id":158,"date":"2021-10-04T03:02:56","date_gmt":"2021-10-04T03:02:56","guid":{"rendered":"https:\/\/webredox.net\/demo\/wp\/bauen\/light\/multi\/demo1\/?page_id=158"},"modified":"2022-11-26T16:27:42","modified_gmt":"2022-11-26T16:27:42","slug":"mimarlik","status":"publish","type":"page","link":"https:\/\/theinceptiondesign.com\/index.php\/services\/mimarlik\/","title":{"rendered":"Mimarl\u0131k"},"content":{"rendered":"<section class=\"wpb-content-wrapper\">[vc_row row_type=&#8221;main-section&#8221; bauen_section_layout=&#8221;section_grid&#8221; bauen_section_layout_grid=&#8221;section_layout_grid3&#8243; bauen_margin_bottom=&#8221;30px&#8221;][vc_column][wr_vc_section_heading featyretype=&#8221;st2&#8243; title=&#8221;Mimarl\u0131k&#8221;][\/wr_vc_section_heading][wr_vc_section_context]Binalar\u0131 ve di\u011fer fiziki yap\u0131lar\u0131n\u0131z\u0131 tasarlamak ve kurmak i\u00e7in biz hizmetinizdeyiz. \u0130nsanlar\u0131n ya\u015famas\u0131n\u0131 kolayla\u015ft\u0131rmak ve bar\u0131nma, dinlenme, \u00e7al\u0131\u015fma, e\u011flenme gibi eylemlerini s\u00fcrd\u00fcrebilmelerini sa\u011flamak \u00fczere gerekli mek\u00e2nlar\u0131, i\u015flevsel gereksinmeleri ekonomik ve teknik olanaklarla ba\u011fda\u015ft\u0131rarak <a title=\"Estetik\" href=\"https:\/\/tr.wikipedia.org\/wiki\/Estetik\">estetik<\/a>\u00a0<a title=\"Yarat\u0131c\u0131l\u0131k\" href=\"https:\/\/tr.wikipedia.org\/wiki\/Yarat%C4%B1c%C4%B1l%C4%B1k\">yarat\u0131c\u0131l\u0131kla<\/a> in\u015fa etme sanat\u0131; ba\u015fka bir tan\u0131mlamayla, yap\u0131lar\u0131 ve fiziksel \u00e7evreyi uygun \u00f6l\u00e7\u00fclerde tasarlama ve in\u015fa etmek \u00fczere \u00e7al\u0131\u015fmalar\u0131m\u0131z\u0131 yap\u0131yoruz.[\/wr_vc_section_context][vc_row_inner][vc_column_inner width=&#8221;1\/2&#8243;][wr_vc_section_gallery image=&#8221;1578&#8243;][\/vc_column_inner][vc_column_inner width=&#8221;1\/2&#8243;][wr_vc_section_gallery image=&#8221;1600&#8243;][\/vc_column_inner][\/vc_row_inner][\/vc_column][\/vc_row]\n<\/section>","protected":false},"excerpt":{"rendered":"<p>[vc_row row_type=&#8221;main-section&#8221; bauen_section_layout=&#8221;section_grid&#8221; bauen_section_layout_grid=&#8221;section_layout_grid3&#8243; bauen_margin_bottom=&#8221;30px&#8221;][vc_column][wr_vc_section_heading featyretype=&#8221;st2&#8243; title=&#8221;Mimarl\u0131k&#8221;][\/wr_vc_section_heading][wr_vc_section_context]Binalar\u0131 ve di\u011fer fiziki yap\u0131lar\u0131n\u0131z\u0131 tasarlamak ve kurmak i\u00e7in biz hizmetinizdeyiz. \u0130nsanlar\u0131n ya\u015famas\u0131n\u0131 kolayla\u015ft\u0131rmak ve bar\u0131nma, dinlenme, \u00e7al\u0131\u015fma, e\u011flenme gibi eylemlerini s\u00fcrd\u00fcrebilmelerini sa\u011flamak \u00fczere gerekli mek\u00e2nlar\u0131, i\u015flevsel gereksinmeleri ekonomik ve teknik olanaklarla ba\u011fda\u015ft\u0131rarak estetik\u00a0yarat\u0131c\u0131l\u0131kla in\u015fa etme sanat\u0131; ba\u015fka bir tan\u0131mlamayla, yap\u0131lar\u0131 ve fiziksel \u00e7evreyi uygun \u00f6l\u00e7\u00fclerde tasarlama ve in\u015fa etmek \u00fczere \u00e7al\u0131\u015fmalar\u0131m\u0131z\u0131 yap\u0131yoruz.[\/wr_vc_section_context][vc_row_inner][vc_column_inner width=&#8221;1\/2&#8243;][wr_vc_section_gallery&#8230;<\/p>\n","protected":false},"author":1,"featured_media":0,"parent":61,"menu_order":0,"comment_status":"closed","ping_status":"closed","template":"","meta":{"_links_to":"","_links_to_target":""},"_links":{"self":[{"href":"https:\/\/theinceptiondesign.com\/index.php\/wp-json\/wp\/v2\/pages\/158"}],"collection":[{"href":"https:\/\/theinceptiondesign.com\/index.php\/wp-json\/wp\/v2\/pages"}],"about":[{"href":"https:\/\/theinceptiondesign.com\/index.php\/wp-json\/wp\/v2\/types\/page"}],"author":[{"embeddable":true,"href":"https:\/\/theinceptiondesign.com\/index.php\/wp-json\/wp\/v2\/users\/1"}],"replies":[{"embeddable":true,"href":"https:\/\/theinceptiondesign.com\/index.php\/wp-json\/wp\/v2\/comments?post=158"}],"version-history":[{"count":5,"href":"https:\/\/theinceptiondesign.com\/index.php\/wp-json\/wp\/v2\/pages\/158\/revisions"}],"predecessor-version":[{"id":2145,"href":"https:\/\/theinceptiondesign.com\/index.php\/wp-json\/wp\/v2\/pages\/158\/revisions\/2145"}],"up":[{"embeddable":true,"href":"https:\/\/theinceptiondesign.com\/index.php\/wp-json\/wp\/v2\/pages\/61"}],"wp:attachment":[{"href":"https:\/\/theinceptiondesign.com\/index.php\/wp-json\/wp\/v2\/media?parent=158"}],"curies":[{"name":"wp","href":"https:\/\/api.w.org\/{rel}","templated":true}]}}