{"id":110,"date":"2021-10-01T10:30:51","date_gmt":"2021-10-01T10:30:51","guid":{"rendered":"https:\/\/webredox.net\/demo\/wp\/bauen\/light\/multi\/demo1\/?page_id=110"},"modified":"2025-03-23T18:18:05","modified_gmt":"2025-03-23T18:18:05","slug":"contact","status":"publish","type":"page","link":"https:\/\/theinceptiondesign.com\/index.php\/contact\/","title":{"rendered":"Contact"},"content":{"rendered":"<section class=\"wpb-content-wrapper\">[vc_row row_type=&#8221;main-section&#8221; bauen_section_layout=&#8221;section_grid&#8221; bauen_df_padding_bottom=&#8221;section-padding2&#8243;][vc_column][wr_vc_section_heading title=&#8221;Contact `{`span`}` Us`{`\/span`}`&#8221;][\/wr_vc_section_heading][vc_row_inner inner_sec_effect_opt=&#8221;mb-90&#8243;][vc_column_inner width=&#8221;1\/2&#8243;][wr_vc_section_contact animate=&#8221;yes&#8221; title=&#8221;The Inception Design Mimarl\u0131k M\u00fchendislik \u015eirketi&#8221;]YEN\u0130G\u00dcN MAH. MEVLANA CAD. B BLOK NO: 54B \u0130\u00c7 KAPI NO: 203 MURATPA\u015eA \/ ANTALYA<\/p>\n<p>Midtown Plaza[\/wr_vc_section_contact][\/vc_column_inner][vc_column_inner width=&#8221;1\/2&#8243;][wr_vc_section_contact animate=&#8221;yes&#8221; title=&#8221;Contact Details&#8221; phone_title1=&#8221;Phone :&#8221; phone_title2=&#8221;+905325224454&#8243; mail_title1=&#8221;Mail :&#8221; mail_title2=&#8221;info@theinceptiondesign.com&#8221; address_title1=&#8221;Address :&#8221; address_title2=&#8221;Antalya, T\u00fcrkiye&#8221;][\/wr_vc_section_contact][\/vc_column_inner][\/vc_row_inner][vc_row_inner][vc_column_inner][wr_vc_section_gmap latitude=&#8221;36.89414482642151, 30.71609039206498&#8243; address=&#8221;Yenig\u00fcn Mah, Midtown Plaza Antalya&#8221; image=&#8221;111&#8243;][\/vc_column_inner][\/vc_row_inner][\/vc_column][\/vc_row]\n<\/section>","protected":false},"excerpt":{"rendered":"<p>[vc_row row_type=&#8221;main-section&#8221; bauen_section_layout=&#8221;section_grid&#8221; bauen_df_padding_bottom=&#8221;section-padding2&#8243;][vc_column][wr_vc_section_heading title=&#8221;Contact `{`span`}` Us`{`\/span`}`&#8221;][\/wr_vc_section_heading][vc_row_inner inner_sec_effect_opt=&#8221;mb-90&#8243;][vc_column_inner width=&#8221;1\/2&#8243;][wr_vc_section_contact animate=&#8221;yes&#8221; title=&#8221;The Inception Design Mimarl\u0131k M\u00fchendislik \u015eirketi&#8221;]YEN\u0130G\u00dcN MAH. MEVLANA CAD. B BLOK NO: 54B \u0130\u00c7 KAPI NO: 203 MURATPA\u015eA \/ ANTALYA Midtown Plaza[\/wr_vc_section_contact][\/vc_column_inner][vc_column_inner width=&#8221;1\/2&#8243;][wr_vc_section_contact animate=&#8221;yes&#8221; title=&#8221;Contact Details&#8221; phone_title1=&#8221;Phone :&#8221; phone_title2=&#8221;+905325224454&#8243; mail_title1=&#8221;Mail :&#8221; mail_title2=&#8221;info@theinceptiondesign.com&#8221; address_title1=&#8221;Address :&#8221; address_title2=&#8221;Antalya, T\u00fcrkiye&#8221;][\/wr_vc_section_contact][\/vc_column_inner][\/vc_row_inner][vc_row_inner][vc_column_inner][wr_vc_section_gmap latitude=&#8221;36.89414482642151, 30.71609039206498&#8243; address=&#8221;Yenig\u00fcn Mah, Midtown Plaza Antalya&#8221; image=&#8221;111&#8243;][\/vc_column_inner][\/vc_row_inner][\/vc_column][\/vc_row]<\/p>\n","protected":false},"author":1,"featured_media":0,"parent":0,"menu_order":0,"comment_status":"closed","ping_status":"closed","template":"","meta":{"_links_to":"","_links_to_target":""},"_links":{"self":[{"href":"https:\/\/theinceptiondesign.com\/index.php\/wp-json\/wp\/v2\/pages\/110"}],"collection":[{"href":"https:\/\/theinceptiondesign.com\/index.php\/wp-json\/wp\/v2\/pages"}],"about":[{"href":"https:\/\/theinceptiondesign.com\/index.php\/wp-json\/wp\/v2\/types\/page"}],"author":[{"embeddable":true,"href":"https:\/\/theinceptiondesign.com\/index.php\/wp-json\/wp\/v2\/users\/1"}],"replies":[{"embeddable":true,"href":"https:\/\/theinceptiondesign.com\/index.php\/wp-json\/wp\/v2\/comments?post=110"}],"version-history":[{"count":13,"href":"https:\/\/theinceptiondesign.com\/index.php\/wp-json\/wp\/v2\/pages\/110\/revisions"}],"predecessor-version":[{"id":2228,"href":"https:\/\/theinceptiondesign.com\/index.php\/wp-json\/wp\/v2\/pages\/110\/revisions\/2228"}],"wp:attachment":[{"href":"https:\/\/theinceptiondesign.com\/index.php\/wp-json\/wp\/v2\/media?parent=110"}],"curies":[{"name":"wp","href":"https:\/\/api.w.org\/{rel}","templated":true}]}}